{"id":404,"date":"2019-12-18T15:07:15","date_gmt":"2019-12-18T15:07:15","guid":{"rendered":"https:\/\/vormgevingvanverandering.nl\/?page_id=404"},"modified":"2020-02-13T07:06:46","modified_gmt":"2020-02-13T07:06:46","slug":"persoonlijke-sessies2","status":"publish","type":"page","link":"https:\/\/vormgevingvanverandering.nl\/index.php\/persoonlijke-sessies2\/","title":{"rendered":"Persoonlijke Sessies"},"content":{"rendered":"\n<p>In \u00e9\u00e9n op \u00e9\u00e9n sessies begeleid ik jou in jouw eigen Innervisie Traject. Naast gesprekken doen we praktische oefeningen en korte ontspanningsmeditaties.<\/p>\n\n\n\n<div class=\"wp-block-image\"><figure class=\"alignright size-large is-resized\"><img decoding=\"async\" loading=\"lazy\" src=\"https:\/\/vormgevingvanverandering.nl\/wp-content\/uploads\/2019\/10\/achtergrond-labyrint-1024x1024.jpg\" alt=\"\" class=\"wp-image-308\" width=\"237\" height=\"237\" srcset=\"https:\/\/vormgevingvanverandering.nl\/wp-content\/uploads\/2019\/10\/achtergrond-labyrint-1024x1024.jpg 1024w, https:\/\/vormgevingvanverandering.nl\/wp-content\/uploads\/2019\/10\/achtergrond-labyrint-150x150.jpg 150w, https:\/\/vormgevingvanverandering.nl\/wp-content\/uploads\/2019\/10\/achtergrond-labyrint-300x300.jpg 300w, https:\/\/vormgevingvanverandering.nl\/wp-content\/uploads\/2019\/10\/achtergrond-labyrint-768x768.jpg 768w, https:\/\/vormgevingvanverandering.nl\/wp-content\/uploads\/2019\/10\/achtergrond-labyrint-830x830.jpg 830w, https:\/\/vormgevingvanverandering.nl\/wp-content\/uploads\/2019\/10\/achtergrond-labyrint-230x230.jpg 230w, https:\/\/vormgevingvanverandering.nl\/wp-content\/uploads\/2019\/10\/achtergrond-labyrint-350x350.jpg 350w, https:\/\/vormgevingvanverandering.nl\/wp-content\/uploads\/2019\/10\/achtergrond-labyrint-480x480.jpg 480w, https:\/\/vormgevingvanverandering.nl\/wp-content\/uploads\/2019\/10\/achtergrond-labyrint.jpg 1310w\" sizes=\"(max-width: 237px) 100vw, 237px\" \/><\/figure><\/div>\n\n\n\n<p>Je krijgt als het ware stap voor stap meer zicht op je eigen ontwikkelde \u201cscript\u201d waarmee jij je leven leidt. Dit &nbsp;script vormt de houvast in ons leven. Zolang we ons hier aan houden, weten we vaak de oplossing. Dit alleen op basis van oude oplossingen. En het is maar de vraag of deze oplossing ook nu het gewenst resultaat bieden. Ons script houdt niet van ongekend of nieuw. Het houdt van controle en herhalen.<br>&#8220;We doen wat we deden en dan krijgen we wat we kregen&#8221;.<br>Tja, op zich heel slim, maar het houdt ons vast en staat vernieuwing in de weg. Met het Innervisie proces  ontdekken we welke idee\u00ebn, overtuigingen en herinneringen aan ons script ten grondslag liggen.<br><\/p>\n\n\n\n<p class=\"has-text-color has-medium-font-size has-luminous-vivid-orange-color\"><strong>Werk:<\/strong><\/p>\n\n\n\n<div class=\"wp-block-image\"><figure class=\"alignright size-large is-resized\"><img decoding=\"async\" loading=\"lazy\" src=\"https:\/\/vormgevingvanverandering.nl\/wp-content\/uploads\/2019\/10\/labyrint-klein.jpg\" alt=\"\" class=\"wp-image-307\" width=\"240\" height=\"240\" srcset=\"https:\/\/vormgevingvanverandering.nl\/wp-content\/uploads\/2019\/10\/labyrint-klein.jpg 340w, https:\/\/vormgevingvanverandering.nl\/wp-content\/uploads\/2019\/10\/labyrint-klein-150x150.jpg 150w, https:\/\/vormgevingvanverandering.nl\/wp-content\/uploads\/2019\/10\/labyrint-klein-300x300.jpg 300w, https:\/\/vormgevingvanverandering.nl\/wp-content\/uploads\/2019\/10\/labyrint-klein-230x230.jpg 230w\" sizes=\"(max-width: 240px) 100vw, 240px\" \/><\/figure><\/div>\n\n\n\n<p>Leiderschapsontwikkeling | Burn out | Loopbaanvraagstukken | Communicatieproblemen |&nbsp; Vergroten persoonlijke effectiviteit.<\/p>\n\n\n\n<p class=\"has-text-color has-medium-font-size has-luminous-vivid-orange-color\"><strong>Priv\u00e9:<\/strong><\/p>\n\n\n\n<p>Problemen rondom aangeven van grenzen | Burn out | Vast lopen in steeds dezelfde situaties | Veranderwensen | Relatieproblemen.<\/p>\n\n\n\n<p class=\"has-text-color has-medium-font-size has-luminous-vivid-orange-color\"><strong>Voor wie?<\/strong><\/p>\n\n\n\n<p class=\"has-text-align-left\">Ben jij nieuwsgierig en voel je de motivatie om je in jezelf te verdiepen? Je te laten verrassen? Ee nieuw perspectief te gaan ontdekken? Dan gaat het jou iets opleveren!<\/p>\n\n\n\n<p class=\"has-text-color has-background has-luminous-vivid-orange-color has-very-light-gray-background-color\">Linda: <br>&#8220;<em>Toen ik vastliep in een aantal vragen kwam de aanbeveling voor Fr\u00e9derique vanuit een vriendin. \u201cDit gaat over jou\u201d. Oei, jezelf leren kennen zag ik als pijnlijk. Stap voor stap kreeg in inzicht en kwam ik weer in contact met mijn gevoel. Ik ben mijn eigen \u201cfilm\u201d gaan herkennen en dat was belangrijk.<\/em>                                                                <em>E\u00e9n van de prettigste dingen in het traject was tijdens een oefening. \u201cEr hoefde even helemaal niets!!\u201d, nou dat gun ik iedereen. Wat me dat heeft opgeleverd? Rust en ontspanning, een heel ander leven.<\/em>  <em>Fr\u00e9derique geeft alle ruimte om je eigen tempo te bepalen, ze gaf me het gevoel dat ik helemaal oke ben zoals ik ben. Genoeg. Zonder oordeel. Zonder gepush en dat gaf me de vrijheid om mijn eigen antwoorden te vinden. En oh ja, ze schrikt niet zomaar ergens van!<\/em> &#8220;<\/p>\n\n\n\n<div class=\"wp-block-button\"><a class=\"wp-block-button__link has-background has-luminous-vivid-orange-background-color\" href=\"https:\/\/vormgevingvanverandering.nl\/index.php\/wat-heeft-het-innervisieproces-anderen-opgeleverd\/\">Lees hier wat het anderen nog meer heeft gebracht.<\/a><\/div>\n\n\n\n<p><\/p>\n\n\n\n<p class=\"has-text-color has-medium-font-size has-luminous-vivid-orange-color\"><strong>Locatie:<\/strong><\/p>\n\n\n\n<p>Individuele sessies vinden plaats in Velserboek in het atelierkantoor van Fr\u00e9derique.<\/p>\n\n\n\n<div class=\"is-layout-flow wp-block-group\"><div class=\"wp-block-group__inner-container\">\n<p class=\"has-text-color has-very-dark-gray-color\"><strong>Adres:<\/strong><br>Zadelmakersstraat 28<br>1991 JE Velserbroek<\/p>\n<\/div><\/div>\n\n\n\n<p><\/p>\n\n\n\n<div class=\"wp-block-button\"><a class=\"wp-block-button__link has-text-color has-very-light-gray-color has-background has-luminous-vivid-orange-background-color\" href=\"vormgevingvanverandering.nl\/contact\">Maak nu een afspraak!<\/a><\/div>\n\n\n\n<p><\/p>\n\n\n\n<figure class=\"wp-block-image size-medium\"><img decoding=\"async\" loading=\"lazy\" width=\"300\" height=\"300\" src=\"https:\/\/vormgevingvanverandering.nl\/wp-content\/uploads\/2020\/01\/kantoor-1-300x300.jpg\" alt=\"\" class=\"wp-image-502\" srcset=\"https:\/\/vormgevingvanverandering.nl\/wp-content\/uploads\/2020\/01\/kantoor-1-300x300.jpg 300w, https:\/\/vormgevingvanverandering.nl\/wp-content\/uploads\/2020\/01\/kantoor-1-1024x1024.jpg 1024w, https:\/\/vormgevingvanverandering.nl\/wp-content\/uploads\/2020\/01\/kantoor-1-150x150.jpg 150w, https:\/\/vormgevingvanverandering.nl\/wp-content\/uploads\/2020\/01\/kantoor-1-768x768.jpg 768w, https:\/\/vormgevingvanverandering.nl\/wp-content\/uploads\/2020\/01\/kantoor-1-830x830.jpg 830w, https:\/\/vormgevingvanverandering.nl\/wp-content\/uploads\/2020\/01\/kantoor-1-230x230.jpg 230w, https:\/\/vormgevingvanverandering.nl\/wp-content\/uploads\/2020\/01\/kantoor-1-350x350.jpg 350w, https:\/\/vormgevingvanverandering.nl\/wp-content\/uploads\/2020\/01\/kantoor-1-480x480.jpg 480w, https:\/\/vormgevingvanverandering.nl\/wp-content\/uploads\/2020\/01\/kantoor-1-rotated.jpg 1512w\" sizes=\"(max-width: 300px) 100vw, 300px\" \/><figcaption>Werkruimte Velserbroek<\/figcaption><\/figure>\n","protected":false},"excerpt":{"rendered":"<p>In \u00e9\u00e9n op \u00e9\u00e9n sessies begeleid ik jou in jouw eigen Innervisie Traject. Naast gesprekken doen we praktische oefeningen en korte ontspanningsmeditaties. [&hellip;]<\/p>\n","protected":false},"author":1,"featured_media":0,"parent":0,"menu_order":0,"comment_status":"closed","ping_status":"closed","template":"page-templates\/page_fullwidth.php","meta":{"_exactmetrics_skip_tracking":false,"_exactmetrics_sitenote_active":false,"_exactmetrics_sitenote_note":"","_exactmetrics_sitenote_category":0},"_links":{"self":[{"href":"https:\/\/vormgevingvanverandering.nl\/index.php\/wp-json\/wp\/v2\/pages\/404"}],"collection":[{"href":"https:\/\/vormgevingvanverandering.nl\/index.php\/wp-json\/wp\/v2\/pages"}],"about":[{"href":"https:\/\/vormgevingvanverandering.nl\/index.php\/wp-json\/wp\/v2\/types\/page"}],"author":[{"embeddable":true,"href":"https:\/\/vormgevingvanverandering.nl\/index.php\/wp-json\/wp\/v2\/users\/1"}],"replies":[{"embeddable":true,"href":"https:\/\/vormgevingvanverandering.nl\/index.php\/wp-json\/wp\/v2\/comments?post=404"}],"version-history":[{"count":29,"href":"https:\/\/vormgevingvanverandering.nl\/index.php\/wp-json\/wp\/v2\/pages\/404\/revisions"}],"predecessor-version":[{"id":505,"href":"https:\/\/vormgevingvanverandering.nl\/index.php\/wp-json\/wp\/v2\/pages\/404\/revisions\/505"}],"wp:attachment":[{"href":"https:\/\/vormgevingvanverandering.nl\/index.php\/wp-json\/wp\/v2\/media?parent=404"}],"curies":[{"name":"wp","href":"https:\/\/api.w.org\/{rel}","templated":true}]}}